{"id":5452,"date":"2025-11-22T18:41:51","date_gmt":"2025-11-22T18:41:51","guid":{"rendered":"https:\/\/ichispana.org\/?page_id=5452"},"modified":"2025-11-23T11:28:41","modified_gmt":"2025-11-23T11:28:41","slug":"boletin","status":"publish","type":"page","link":"https:\/\/ichispana.org\/?page_id=5452","title":{"rendered":"Bolet\u00edn, Domingo 23 de Noviembre"},"content":{"rendered":"\n<div class=\"wp-block-uagb-advanced-heading uagb-block-43ebfeab\"><h2 class=\"uagb-heading-text\"><a href=\"https:\/\/ichispana.org\/wp-content\/uploads\/2025\/11\/CANCIONES.pdf\">LETRAS DE CANCIONES<\/a><\/h2><\/div>\n\n\n\n<div class=\"wp-block-uagb-separator uagb-block-6cc27db9\"><div class=\"uagb-separator-spacing-wrapper\"><div class=\"wp-block-uagb-separator__inner\" style=\"--my-background-image:\"><\/div><\/div><\/div>\n\n\n\n<div class=\"wp-block-uagb-advanced-heading uagb-block-e7d34ac6\"><h2 class=\"uagb-heading-text\"><a href=\"https:\/\/ichispana.org\/wp-content\/uploads\/2025\/11\/Anuncios.pdf\">ANUNCIOS<\/a><\/h2><\/div>\n\n\n\n<div class=\"wp-block-uagb-separator uagb-block-de31763c\"><div class=\"uagb-separator-spacing-wrapper\"><div class=\"wp-block-uagb-separator__inner\" style=\"--my-background-image:\"><\/div><\/div><\/div>\n\n\n\n<div class=\"wp-block-uagb-advanced-heading uagb-block-ec18f5be\"><h2 class=\"uagb-heading-text\"><a href=\"https:\/\/ichispana.org\/wp-content\/uploads\/2025\/11\/CANTO-FINAL.pdf\">CANTO FINAL<\/a><\/h2><\/div>\n\n\n\n<div class=\"wp-block-uagb-separator uagb-block-1232ac62\"><div class=\"uagb-separator-spacing-wrapper\"><div class=\"wp-block-uagb-separator__inner\" style=\"--my-background-image:\"><\/div><\/div><\/div>\n\n\n\n<div class=\"wp-block-media-text is-stacked-on-mobile\"><figure class=\"wp-block-media-text__media\"><img loading=\"lazy\" decoding=\"async\" width=\"1024\" height=\"576\" src=\"https:\/\/ichispana.org\/wp-content\/uploads\/2025\/11\/anuncio-23-de-noviembre-1024x576.jpg\" alt=\"\" class=\"wp-image-5482 size-full\" srcset=\"https:\/\/ichispana.org\/wp-content\/uploads\/2025\/11\/anuncio-23-de-noviembre-1024x576.jpg 1024w, https:\/\/ichispana.org\/wp-content\/uploads\/2025\/11\/anuncio-23-de-noviembre-300x169.jpg 300w, https:\/\/ichispana.org\/wp-content\/uploads\/2025\/11\/anuncio-23-de-noviembre-768x432.jpg 768w, https:\/\/ichispana.org\/wp-content\/uploads\/2025\/11\/anuncio-23-de-noviembre-1536x864.jpg 1536w, https:\/\/ichispana.org\/wp-content\/uploads\/2025\/11\/anuncio-23-de-noviembre-1320x743.jpg 1320w, https:\/\/ichispana.org\/wp-content\/uploads\/2025\/11\/anuncio-23-de-noviembre-600x338.jpg 600w, https:\/\/ichispana.org\/wp-content\/uploads\/2025\/11\/anuncio-23-de-noviembre.jpg 1920w\" sizes=\"(max-width: 1024px) 100vw, 1024px\" \/><\/figure><div class=\"wp-block-media-text__content\">\n<p>HOY SERVICIO ESPECIAL DE ACCI\u00d3N DE GRACIAS, FINALIZANDO CON UN ALMUERZO DE COMIDA INTERNACIONAL, DEGUSTANDO PLATILLOS T\u00cdPICOS DE NUESTROS PAISES.<\/p>\n<\/div><\/div>\n\n\n\n<div class=\"wp-block-uagb-slider uagb-block-86761be6 uagb-slider-container\"><div class=\"uagb-slides uagb-swiper\"><div class=\"swiper-wrapper\">\n<div class=\"wp-block-uagb-slider-child uagb-slider-child-wrap swiper-slide uagb-block-6a00ca80\"><div class=\"swiper-content\">\n<div class=\"wp-block-uagb-container uagb-block-64a0d01d alignfull uagb-is-root-container\"><div class=\"uagb-container-inner-blocks-wrap\">\n<div class=\"wp-block-uagb-info-box uagb-block-62c2c2f2 uagb-infobox__content-wrap  uagb-infobox-icon-above-title uagb-infobox-image-valign-top\"><div class=\"uagb-ifb-content\"><div class=\"uagb-ifb-title-wrap\"><h3 class=\"uagb-ifb-title\">Salmos 33:2<\/h3><\/div><p class=\"uagb-ifb-desc\"><em>Den gracias al SE\u00d1OR con la lira;<\/em><br><em>C\u00e1ntenle alabanzas con el arpa de diez cuerdas<\/em><\/p><div class=\"uagb-ifb-button-wrapper wp-block-button\"><a href=\"#\" class=\"uagb-infobox-cta-link wp-block-button__link\" target=\"_self\" rel=\"noopener noreferrer\" onclick=\"return false;\"><span class=\"uagb-inline-editing\">Read More<\/span><\/a><\/div><\/div><\/div>\n<\/div><\/div>\n<\/div><\/div>\n\n\n\n<div class=\"wp-block-uagb-slider-child uagb-slider-child-wrap swiper-slide uagb-block-8cc72d76\"><div class=\"swiper-content\">\n<div class=\"wp-block-uagb-container uagb-block-3732b3ac alignfull uagb-is-root-container\"><div class=\"uagb-container-inner-blocks-wrap\">\n<div class=\"wp-block-uagb-info-box uagb-block-1a1f998b uagb-infobox__content-wrap  uagb-infobox-icon-above-title uagb-infobox-image-valign-top\"><div class=\"uagb-ifb-content\"><div class=\"uagb-ifb-title-wrap\"><h3 class=\"uagb-ifb-title\">Salmos 105:1<\/h3><\/div><p class=\"uagb-ifb-desc\"><em>Den gracias al SE\u00d1OR, invoquen Su nombre;<\/em><br><em>Den a conocer Sus obras entre los pueblos<\/em><\/p><div class=\"uagb-ifb-button-wrapper wp-block-button\"><a href=\"#\" class=\"uagb-infobox-cta-link wp-block-button__link\" target=\"_self\" rel=\"noopener noreferrer\" onclick=\"return false;\"><span class=\"uagb-inline-editing\">Read More<\/span><\/a><\/div><\/div><\/div>\n<\/div><\/div>\n<\/div><\/div>\n\n\n\n<div class=\"wp-block-uagb-slider-child uagb-slider-child-wrap swiper-slide uagb-block-30685d35\"><div class=\"swiper-content\">\n<div class=\"wp-block-uagb-container uagb-block-b0155066 alignfull uagb-is-root-container\"><div class=\"uagb-container-inner-blocks-wrap\">\n<div class=\"wp-block-uagb-info-box uagb-block-4c4b4abe uagb-infobox__content-wrap  uagb-infobox-icon-above-title uagb-infobox-image-valign-top\"><div class=\"uagb-ifb-content\"><div class=\"uagb-ifb-title-wrap\"><h3 class=\"uagb-ifb-title\">Salmos 107:8<\/h3><\/div><p class=\"uagb-ifb-desc\"><em>Den gracias al SE\u00d1OR por Su misericordia<\/em><br><em>Y por Sus maravillas para con los hijos de los hombres<\/em><\/p><\/div><\/div>\n<\/div><\/div>\n<\/div><\/div>\n<\/div><\/div><div class=\"swiper-pagination\"><\/div><div class=\"swiper-button-prev\"><\/div><div class=\"swiper-button-next\"><\/div><\/div>\n\n\n\n<div class=\"wp-block-uagb-separator uagb-block-6941edcc\"><div class=\"uagb-separator-spacing-wrapper\"><div class=\"wp-block-uagb-separator__inner\" style=\"--my-background-image:\"><\/div><\/div><\/div>\n\n\n\n<p class=\"has-text-align-center has-ast-global-color-5-color has-ast-global-color-0-background-color has-text-color has-background has-link-color has-medium-font-size wp-elements-aa3cd34c94c268ee1283cc9f6e9c0cf2\">El llamado de la Biblia va m\u00e1s all\u00e1 de que\u00a0<strong><mark style=\"background-color:rgba(0, 0, 0, 0)\" class=\"has-inline-color has-ast-global-color-5-color\">sintamos<\/mark><\/strong>\u00a0gratitud: nos llama a que<br><strong>expresemos<\/strong>\u00a0nuestra gratitud.<br>Nuestros sentimientos son cambiantes y un d\u00eda puedo despertar sinti\u00e9ndome<br>como la persona m\u00e1s agradecida del mundo y al otro d\u00eda no sentirme igual.<br>Pero \u00bfsabes qu\u00e9? Todav\u00eda podemos dar gracias aunque no lo sintamos, porque<br>sabemos que \u00c9l es digno de nuestra gratitud. Puedo dar gracias aunque mis<br>sentimientos me quieran mover en otra direcci\u00f3n, porque la verdad sigue siendo<br>verdad, porque Dios sigue siendo bueno, porque genuinamente s\u00e9 que \u00c9l nos<br>ha bendecido en Cristo.<br>\u00a1Abramos nuestros labios y d\u00e9mosle gracias al Se\u00f1or y a otros!<\/p>\n\n\n\n<figure class=\"wp-block-image aligncenter size-large\"><img loading=\"lazy\" decoding=\"async\" width=\"1024\" height=\"576\" src=\"https:\/\/ichispana.org\/wp-content\/uploads\/2025\/11\/fondo-hoy-1024x576.jpg\" alt=\"\" class=\"wp-image-5509\" srcset=\"https:\/\/ichispana.org\/wp-content\/uploads\/2025\/11\/fondo-hoy-1024x576.jpg 1024w, https:\/\/ichispana.org\/wp-content\/uploads\/2025\/11\/fondo-hoy-300x169.jpg 300w, https:\/\/ichispana.org\/wp-content\/uploads\/2025\/11\/fondo-hoy-768x432.jpg 768w, https:\/\/ichispana.org\/wp-content\/uploads\/2025\/11\/fondo-hoy-1536x864.jpg 1536w, https:\/\/ichispana.org\/wp-content\/uploads\/2025\/11\/fondo-hoy-2048x1152.jpg 2048w, https:\/\/ichispana.org\/wp-content\/uploads\/2025\/11\/fondo-hoy-1320x743.jpg 1320w, https:\/\/ichispana.org\/wp-content\/uploads\/2025\/11\/fondo-hoy-600x338.jpg 600w\" sizes=\"(max-width: 1024px) 100vw, 1024px\" \/><\/figure>\n\n\n\n<div data-wp-interactive=\"core\/file\" class=\"wp-block-file\"><object data-wp-bind--hidden=\"!state.hasPdfPreview\"  class=\"wp-block-file__embed\" data=\"https:\/\/ichispana.org\/wp-content\/uploads\/2025\/11\/CANTO-FINAL.pdf\" type=\"application\/pdf\" style=\"width:100%;height:600px\" aria-label=\"PDF embed\"><\/object><\/div>\n","protected":false},"excerpt":{"rendered":"<p>LETRAS DE CANCIONES ANUNCIOS CANTO FINAL HOY SERVICIO ESPECIAL DE ACCI\u00d3N DE GRACIAS, FINALIZANDO CON UN ALMUERZO DE COMIDA INTERNACIONAL, DEGUSTANDO PLATILLOS T\u00cdPICOS DE NUESTROS PAISES. El llamado de la [&hellip;]<\/p>\n","protected":false},"author":1,"featured_media":0,"parent":0,"menu_order":0,"comment_status":"closed","ping_status":"closed","template":"","meta":{"om_disable_all_campaigns":false,"_uag_custom_page_level_css":"","_mi_skip_tracking":false,"site-sidebar-layout":"default","site-content-layout":"","ast-site-content-layout":"","site-content-style":"default","site-sidebar-style":"default","ast-global-header-display":"","ast-banner-title-visibility":"","ast-main-header-display":"","ast-hfb-above-header-display":"","ast-hfb-below-header-display":"","ast-hfb-mobile-header-display":"","site-post-title":"","ast-breadcrumbs-content":"","ast-featured-img":"","footer-sml-layout":"","theme-transparent-header-meta":"","adv-header-id-meta":"","stick-header-meta":"","header-above-stick-meta":"","header-main-stick-meta":"","header-below-stick-meta":"","astra-migrate-meta-layouts":"default","ast-page-background-enabled":"default","ast-page-background-meta":{"desktop":{"background-color":"var(--ast-global-color-4)","background-image":"","background-repeat":"repeat","background-position":"center center","background-size":"auto","background-attachment":"scroll","background-type":"","background-media":"","overlay-type":"","overlay-color":"","overlay-opacity":"","overlay-gradient":""},"tablet":{"background-color":"","background-image":"","background-repeat":"repeat","background-position":"center center","background-size":"auto","background-attachment":"scroll","background-type":"","background-media":"","overlay-type":"","overlay-color":"","overlay-opacity":"","overlay-gradient":""},"mobile":{"background-color":"","background-image":"","background-repeat":"repeat","background-position":"center center","background-size":"auto","background-attachment":"scroll","background-type":"","background-media":"","overlay-type":"","overlay-color":"","overlay-opacity":"","overlay-gradient":""}},"ast-content-background-meta":{"desktop":{"background-color":"var(--ast-global-color-5)","background-image":"","background-repeat":"repeat","background-position":"center center","background-size":"auto","background-attachment":"scroll","background-type":"","background-media":"","overlay-type":"","overlay-color":"","overlay-opacity":"","overlay-gradient":""},"tablet":{"background-color":"var(--ast-global-color-5)","background-image":"","background-repeat":"repeat","background-position":"center center","background-size":"auto","background-attachment":"scroll","background-type":"","background-media":"","overlay-type":"","overlay-color":"","overlay-opacity":"","overlay-gradient":""},"mobile":{"background-color":"var(--ast-global-color-5)","background-image":"","background-repeat":"repeat","background-position":"center center","background-size":"auto","background-attachment":"scroll","background-type":"","background-media":"","overlay-type":"","overlay-color":"","overlay-opacity":"","overlay-gradient":""}},"footnotes":""},"class_list":["post-5452","page","type-page","status-publish","hentry"],"aioseo_notices":[],"yoast_head":"<!-- This site is optimized with the Yoast SEO plugin v19.10 - https:\/\/yoast.com\/wordpress\/plugins\/seo\/ -->\n<title>Bolet\u00edn, Domingo 23 de Noviembre -<\/title>\n<meta name=\"robots\" content=\"index, follow, max-snippet:-1, max-image-preview:large, max-video-preview:-1\" \/>\n<link rel=\"canonical\" href=\"https:\/\/ichispana.org\/?page_id=5452\" \/>\n<meta property=\"og:locale\" content=\"en_US\" \/>\n<meta property=\"og:type\" content=\"article\" \/>\n<meta property=\"og:title\" content=\"Bolet\u00edn, Domingo 23 de Noviembre -\" \/>\n<meta property=\"og:description\" content=\"LETRAS DE CANCIONES ANUNCIOS CANTO FINAL HOY SERVICIO ESPECIAL DE ACCI\u00d3N DE GRACIAS, FINALIZANDO CON UN ALMUERZO DE COMIDA INTERNACIONAL, DEGUSTANDO PLATILLOS T\u00cdPICOS DE NUESTROS PAISES. El llamado de la [&hellip;]\" \/>\n<meta property=\"og:url\" content=\"https:\/\/ichispana.org\/?page_id=5452\" \/>\n<meta property=\"article:modified_time\" content=\"2025-11-23T11:28:41+00:00\" \/>\n<meta property=\"og:image\" content=\"https:\/\/ichispana.org\/wp-content\/uploads\/2025\/11\/anuncio-23-de-noviembre-1024x576.jpg\" \/>\n<meta name=\"twitter:card\" content=\"summary_large_image\" \/>\n<meta name=\"twitter:label1\" content=\"Est. reading time\" \/>\n\t<meta name=\"twitter:data1\" content=\"2 minutes\" \/>\n<script type=\"application\/ld+json\" class=\"yoast-schema-graph\">{\"@context\":\"https:\/\/schema.org\",\"@graph\":[{\"@type\":\"WebPage\",\"@id\":\"https:\/\/ichispana.org\/?page_id=5452\",\"url\":\"https:\/\/ichispana.org\/?page_id=5452\",\"name\":\"Bolet\u00edn, Domingo 23 de Noviembre -\",\"isPartOf\":{\"@id\":\"https:\/\/ichispana.org\/#website\"},\"datePublished\":\"2025-11-22T18:41:51+00:00\",\"dateModified\":\"2025-11-23T11:28:41+00:00\",\"breadcrumb\":{\"@id\":\"https:\/\/ichispana.org\/?page_id=5452#breadcrumb\"},\"inLanguage\":\"en-US\",\"potentialAction\":[{\"@type\":\"ReadAction\",\"target\":[\"https:\/\/ichispana.org\/?page_id=5452\"]}]},{\"@type\":\"BreadcrumbList\",\"@id\":\"https:\/\/ichispana.org\/?page_id=5452#breadcrumb\",\"itemListElement\":[{\"@type\":\"ListItem\",\"position\":1,\"name\":\"Home\",\"item\":\"https:\/\/ichispana.org\/\"},{\"@type\":\"ListItem\",\"position\":2,\"name\":\"Bolet\u00edn, Domingo 23 de Noviembre\"}]},{\"@type\":\"WebSite\",\"@id\":\"https:\/\/ichispana.org\/#website\",\"url\":\"https:\/\/ichispana.org\/\",\"name\":\"\",\"description\":\"Iglesia Cristiana Hispana\",\"potentialAction\":[{\"@type\":\"SearchAction\",\"target\":{\"@type\":\"EntryPoint\",\"urlTemplate\":\"https:\/\/ichispana.org\/?s={search_term_string}\"},\"query-input\":\"required name=search_term_string\"}],\"inLanguage\":\"en-US\"}]}<\/script>\n<!-- \/ Yoast SEO plugin. -->","yoast_head_json":{"title":"Bolet\u00edn, Domingo 23 de Noviembre -","robots":{"index":"index","follow":"follow","max-snippet":"max-snippet:-1","max-image-preview":"max-image-preview:large","max-video-preview":"max-video-preview:-1"},"canonical":"https:\/\/ichispana.org\/?page_id=5452","og_locale":"en_US","og_type":"article","og_title":"Bolet\u00edn, Domingo 23 de Noviembre -","og_description":"LETRAS DE CANCIONES ANUNCIOS CANTO FINAL HOY SERVICIO ESPECIAL DE ACCI\u00d3N DE GRACIAS, FINALIZANDO CON UN ALMUERZO DE COMIDA INTERNACIONAL, DEGUSTANDO PLATILLOS T\u00cdPICOS DE NUESTROS PAISES. El llamado de la [&hellip;]","og_url":"https:\/\/ichispana.org\/?page_id=5452","article_modified_time":"2025-11-23T11:28:41+00:00","og_image":[{"url":"https:\/\/ichispana.org\/wp-content\/uploads\/2025\/11\/anuncio-23-de-noviembre-1024x576.jpg"}],"twitter_card":"summary_large_image","twitter_misc":{"Est. reading time":"2 minutes"},"schema":{"@context":"https:\/\/schema.org","@graph":[{"@type":"WebPage","@id":"https:\/\/ichispana.org\/?page_id=5452","url":"https:\/\/ichispana.org\/?page_id=5452","name":"Bolet\u00edn, Domingo 23 de Noviembre -","isPartOf":{"@id":"https:\/\/ichispana.org\/#website"},"datePublished":"2025-11-22T18:41:51+00:00","dateModified":"2025-11-23T11:28:41+00:00","breadcrumb":{"@id":"https:\/\/ichispana.org\/?page_id=5452#breadcrumb"},"inLanguage":"en-US","potentialAction":[{"@type":"ReadAction","target":["https:\/\/ichispana.org\/?page_id=5452"]}]},{"@type":"BreadcrumbList","@id":"https:\/\/ichispana.org\/?page_id=5452#breadcrumb","itemListElement":[{"@type":"ListItem","position":1,"name":"Home","item":"https:\/\/ichispana.org\/"},{"@type":"ListItem","position":2,"name":"Bolet\u00edn, Domingo 23 de Noviembre"}]},{"@type":"WebSite","@id":"https:\/\/ichispana.org\/#website","url":"https:\/\/ichispana.org\/","name":"","description":"Iglesia Cristiana Hispana","potentialAction":[{"@type":"SearchAction","target":{"@type":"EntryPoint","urlTemplate":"https:\/\/ichispana.org\/?s={search_term_string}"},"query-input":"required name=search_term_string"}],"inLanguage":"en-US"}]}},"uagb_featured_image_src":{"full":false,"thumbnail":false,"medium":false,"medium_large":false,"large":false,"1536x1536":false,"2048x2048":false,"mailpoet_newsletter_max":false,"woocommerce_thumbnail":false,"woocommerce_single":false,"woocommerce_gallery_thumbnail":false},"uagb_author_info":{"display_name":"Iglesia Cristiana Hispana","author_link":"https:\/\/ichispana.org\/?author=1"},"uagb_comment_info":0,"uagb_excerpt":"LETRAS DE CANCIONES ANUNCIOS CANTO FINAL HOY SERVICIO ESPECIAL DE ACCI\u00d3N DE GRACIAS, FINALIZANDO CON UN ALMUERZO DE COMIDA INTERNACIONAL, DEGUSTANDO PLATILLOS T\u00cdPICOS DE NUESTROS PAISES. El llamado de la [&hellip;]","_links":{"self":[{"href":"https:\/\/ichispana.org\/index.php?rest_route=\/wp\/v2\/pages\/5452"}],"collection":[{"href":"https:\/\/ichispana.org\/index.php?rest_route=\/wp\/v2\/pages"}],"about":[{"href":"https:\/\/ichispana.org\/index.php?rest_route=\/wp\/v2\/types\/page"}],"author":[{"embeddable":true,"href":"https:\/\/ichispana.org\/index.php?rest_route=\/wp\/v2\/users\/1"}],"replies":[{"embeddable":true,"href":"https:\/\/ichispana.org\/index.php?rest_route=%2Fwp%2Fv2%2Fcomments&post=5452"}],"version-history":[{"count":33,"href":"https:\/\/ichispana.org\/index.php?rest_route=\/wp\/v2\/pages\/5452\/revisions"}],"predecessor-version":[{"id":5518,"href":"https:\/\/ichispana.org\/index.php?rest_route=\/wp\/v2\/pages\/5452\/revisions\/5518"}],"wp:attachment":[{"href":"https:\/\/ichispana.org\/index.php?rest_route=%2Fwp%2Fv2%2Fmedia&parent=5452"}],"curies":[{"name":"wp","href":"https:\/\/api.w.org\/{rel}","templated":true}]}}