{"id":5411,"date":"2024-09-17T21:22:24","date_gmt":"2024-09-17T21:22:24","guid":{"rendered":"https:\/\/ichispana.org\/?page_id=5411"},"modified":"2024-09-17T21:58:08","modified_gmt":"2024-09-17T21:58:08","slug":"discipulado","status":"publish","type":"page","link":"https:\/\/ichispana.org\/?page_id=5411","title":{"rendered":"Discipulado"},"content":{"rendered":"\n<div class=\"wp-block-media-text is-stacked-on-mobile\"><figure class=\"wp-block-media-text__media\"><img loading=\"lazy\" decoding=\"async\" width=\"1024\" height=\"427\" src=\"http:\/\/ichispana.org\/wp-content\/uploads\/2024\/09\/discipulo-1024x427.jpg\" alt=\"\" class=\"wp-image-5370 size-full\" srcset=\"https:\/\/ichispana.org\/wp-content\/uploads\/2024\/09\/discipulo-1024x427.jpg 1024w, https:\/\/ichispana.org\/wp-content\/uploads\/2024\/09\/discipulo-300x125.jpg 300w, https:\/\/ichispana.org\/wp-content\/uploads\/2024\/09\/discipulo-768x320.jpg 768w, https:\/\/ichispana.org\/wp-content\/uploads\/2024\/09\/discipulo-1536x640.jpg 1536w, https:\/\/ichispana.org\/wp-content\/uploads\/2024\/09\/discipulo-1320x550.jpg 1320w, https:\/\/ichispana.org\/wp-content\/uploads\/2024\/09\/discipulo-600x250.jpg 600w, https:\/\/ichispana.org\/wp-content\/uploads\/2024\/09\/discipulo.jpg 1920w\" sizes=\"(max-width: 1024px) 100vw, 1024px\" \/><\/figure><div class=\"wp-block-media-text__content\">\n<p>Cuando Jes\u00fas llam\u00f3 a Pedro y a Andr\u00e9s a dejar su oficio de pescadores para seguirle, los llam\u00f3 a una vida completamente nueva. Y cuando Jes\u00fas nos llama a cada uno de nosotros a ser sus disc\u00edpulos, nos llama a una vida completamente nueva.<\/p>\n\n\n\n<p>Seguir a Jes\u00fas significa escuchar, observar y seguir sus pasos. Significa odiar lo que Jes\u00fas odia y amar lo que Jes\u00fas ama. Tambi\u00e9n significa ayudar a otros a hacer lo mismo. Despu\u00e9s de su resurrecci\u00f3n, Jes\u00fas orden\u00f3 a sus disc\u00edpulos a ir y hacer disc\u00edpulos, ense\u00f1\u00e1ndoles a obedecer todo lo que Jes\u00fas mand\u00f3.<\/p>\n<\/div><\/div>\n\n\n\n<p>En nuestra iglesia entendemos que el discipulado es un proceso que dura toda la vida. Ser un disc\u00edpulo es ser un estudiante, alguien que aprende e imita a su maestro. Como disc\u00edpulos de Jesucristo, todos estamos llamados a aprender continuamente de \u00e9l y seguirle en cada \u00e1rea de la vida.Ninguno de nosotros es perfecto. Todos necesitamos crecer como disc\u00edpulos de Cristo.<\/p>\n\n\n\n<p>Es por eso que hemos comenzado este ministerio, en el cual los hermanos m\u00e1s maduros en la fe est\u00e1n ayudando a otros a crecer como seguidores de Jes\u00fas.<\/p>\n","protected":false},"excerpt":{"rendered":"<p>Cuando Jes\u00fas llam\u00f3 a Pedro y a Andr\u00e9s a dejar su oficio de pescadores para seguirle, los llam\u00f3 a una vida completamente nueva. Y cuando Jes\u00fas nos llama a cada [&hellip;]<\/p>\n","protected":false},"author":1,"featured_media":0,"parent":0,"menu_order":0,"comment_status":"closed","ping_status":"closed","template":"","meta":{"om_disable_all_campaigns":false,"_uag_custom_page_level_css":"","_mi_skip_tracking":false,"site-sidebar-layout":"default","site-content-layout":"","ast-site-content-layout":"","site-content-style":"default","site-sidebar-style":"default","ast-global-header-display":"","ast-banner-title-visibility":"","ast-main-header-display":"","ast-hfb-above-header-display":"","ast-hfb-below-header-display":"","ast-hfb-mobile-header-display":"","site-post-title":"","ast-breadcrumbs-content":"","ast-featured-img":"","footer-sml-layout":"","theme-transparent-header-meta":"","adv-header-id-meta":"","stick-header-meta":"","header-above-stick-meta":"","header-main-stick-meta":"","header-below-stick-meta":"","astra-migrate-meta-layouts":"default","ast-page-background-enabled":"default","ast-page-background-meta":{"desktop":{"background-color":"var(--ast-global-color-4)","background-image":"","background-repeat":"repeat","background-position":"center center","background-size":"auto","background-attachment":"scroll","background-type":"","background-media":"","overlay-type":"","overlay-color":"","overlay-opacity":"","overlay-gradient":""},"tablet":{"background-color":"","background-image":"","background-repeat":"repeat","background-position":"center center","background-size":"auto","background-attachment":"scroll","background-type":"","background-media":"","overlay-type":"","overlay-color":"","overlay-opacity":"","overlay-gradient":""},"mobile":{"background-color":"","background-image":"","background-repeat":"repeat","background-position":"center center","background-size":"auto","background-attachment":"scroll","background-type":"","background-media":"","overlay-type":"","overlay-color":"","overlay-opacity":"","overlay-gradient":""}},"ast-content-background-meta":{"desktop":{"background-color":"var(--ast-global-color-5)","background-image":"","background-repeat":"repeat","background-position":"center center","background-size":"auto","background-attachment":"scroll","background-type":"","background-media":"","overlay-type":"","overlay-color":"","overlay-opacity":"","overlay-gradient":""},"tablet":{"background-color":"var(--ast-global-color-5)","background-image":"","background-repeat":"repeat","background-position":"center center","background-size":"auto","background-attachment":"scroll","background-type":"","background-media":"","overlay-type":"","overlay-color":"","overlay-opacity":"","overlay-gradient":""},"mobile":{"background-color":"var(--ast-global-color-5)","background-image":"","background-repeat":"repeat","background-position":"center center","background-size":"auto","background-attachment":"scroll","background-type":"","background-media":"","overlay-type":"","overlay-color":"","overlay-opacity":"","overlay-gradient":""}},"footnotes":""},"class_list":["post-5411","page","type-page","status-publish","hentry"],"aioseo_notices":[],"yoast_head":"<!-- This site is optimized with the Yoast SEO plugin v19.10 - https:\/\/yoast.com\/wordpress\/plugins\/seo\/ -->\n<title>Discipulado -<\/title>\n<meta name=\"robots\" content=\"index, follow, max-snippet:-1, max-image-preview:large, max-video-preview:-1\" \/>\n<link rel=\"canonical\" href=\"https:\/\/ichispana.org\/?page_id=5411\" \/>\n<meta property=\"og:locale\" content=\"en_US\" \/>\n<meta property=\"og:type\" content=\"article\" \/>\n<meta property=\"og:title\" content=\"Discipulado -\" \/>\n<meta property=\"og:description\" content=\"Cuando Jes\u00fas llam\u00f3 a Pedro y a Andr\u00e9s a dejar su oficio de pescadores para seguirle, los llam\u00f3 a una vida completamente nueva. Y cuando Jes\u00fas nos llama a cada [&hellip;]\" \/>\n<meta property=\"og:url\" content=\"https:\/\/ichispana.org\/?page_id=5411\" \/>\n<meta property=\"article:modified_time\" content=\"2024-09-17T21:58:08+00:00\" \/>\n<meta property=\"og:image\" content=\"http:\/\/ichispana.org\/wp-content\/uploads\/2024\/09\/discipulo-1024x427.jpg\" \/>\n<meta name=\"twitter:card\" content=\"summary_large_image\" \/>\n<meta name=\"twitter:label1\" content=\"Est. reading time\" \/>\n\t<meta name=\"twitter:data1\" content=\"2 minutes\" \/>\n<script type=\"application\/ld+json\" class=\"yoast-schema-graph\">{\"@context\":\"https:\/\/schema.org\",\"@graph\":[{\"@type\":\"WebPage\",\"@id\":\"https:\/\/ichispana.org\/?page_id=5411\",\"url\":\"https:\/\/ichispana.org\/?page_id=5411\",\"name\":\"Discipulado -\",\"isPartOf\":{\"@id\":\"https:\/\/ichispana.org\/#website\"},\"datePublished\":\"2024-09-17T21:22:24+00:00\",\"dateModified\":\"2024-09-17T21:58:08+00:00\",\"breadcrumb\":{\"@id\":\"https:\/\/ichispana.org\/?page_id=5411#breadcrumb\"},\"inLanguage\":\"en-US\",\"potentialAction\":[{\"@type\":\"ReadAction\",\"target\":[\"https:\/\/ichispana.org\/?page_id=5411\"]}]},{\"@type\":\"BreadcrumbList\",\"@id\":\"https:\/\/ichispana.org\/?page_id=5411#breadcrumb\",\"itemListElement\":[{\"@type\":\"ListItem\",\"position\":1,\"name\":\"Home\",\"item\":\"https:\/\/ichispana.org\/\"},{\"@type\":\"ListItem\",\"position\":2,\"name\":\"Discipulado\"}]},{\"@type\":\"WebSite\",\"@id\":\"https:\/\/ichispana.org\/#website\",\"url\":\"https:\/\/ichispana.org\/\",\"name\":\"\",\"description\":\"Iglesia Cristiana Hispana\",\"potentialAction\":[{\"@type\":\"SearchAction\",\"target\":{\"@type\":\"EntryPoint\",\"urlTemplate\":\"https:\/\/ichispana.org\/?s={search_term_string}\"},\"query-input\":\"required name=search_term_string\"}],\"inLanguage\":\"en-US\"}]}<\/script>\n<!-- \/ Yoast SEO plugin. -->","yoast_head_json":{"title":"Discipulado -","robots":{"index":"index","follow":"follow","max-snippet":"max-snippet:-1","max-image-preview":"max-image-preview:large","max-video-preview":"max-video-preview:-1"},"canonical":"https:\/\/ichispana.org\/?page_id=5411","og_locale":"en_US","og_type":"article","og_title":"Discipulado -","og_description":"Cuando Jes\u00fas llam\u00f3 a Pedro y a Andr\u00e9s a dejar su oficio de pescadores para seguirle, los llam\u00f3 a una vida completamente nueva. Y cuando Jes\u00fas nos llama a cada [&hellip;]","og_url":"https:\/\/ichispana.org\/?page_id=5411","article_modified_time":"2024-09-17T21:58:08+00:00","og_image":[{"url":"http:\/\/ichispana.org\/wp-content\/uploads\/2024\/09\/discipulo-1024x427.jpg"}],"twitter_card":"summary_large_image","twitter_misc":{"Est. reading time":"2 minutes"},"schema":{"@context":"https:\/\/schema.org","@graph":[{"@type":"WebPage","@id":"https:\/\/ichispana.org\/?page_id=5411","url":"https:\/\/ichispana.org\/?page_id=5411","name":"Discipulado -","isPartOf":{"@id":"https:\/\/ichispana.org\/#website"},"datePublished":"2024-09-17T21:22:24+00:00","dateModified":"2024-09-17T21:58:08+00:00","breadcrumb":{"@id":"https:\/\/ichispana.org\/?page_id=5411#breadcrumb"},"inLanguage":"en-US","potentialAction":[{"@type":"ReadAction","target":["https:\/\/ichispana.org\/?page_id=5411"]}]},{"@type":"BreadcrumbList","@id":"https:\/\/ichispana.org\/?page_id=5411#breadcrumb","itemListElement":[{"@type":"ListItem","position":1,"name":"Home","item":"https:\/\/ichispana.org\/"},{"@type":"ListItem","position":2,"name":"Discipulado"}]},{"@type":"WebSite","@id":"https:\/\/ichispana.org\/#website","url":"https:\/\/ichispana.org\/","name":"","description":"Iglesia Cristiana Hispana","potentialAction":[{"@type":"SearchAction","target":{"@type":"EntryPoint","urlTemplate":"https:\/\/ichispana.org\/?s={search_term_string}"},"query-input":"required name=search_term_string"}],"inLanguage":"en-US"}]}},"uagb_featured_image_src":{"full":false,"thumbnail":false,"medium":false,"medium_large":false,"large":false,"1536x1536":false,"2048x2048":false,"mailpoet_newsletter_max":false,"woocommerce_thumbnail":false,"woocommerce_single":false,"woocommerce_gallery_thumbnail":false},"uagb_author_info":{"display_name":"Iglesia Cristiana Hispana","author_link":"https:\/\/ichispana.org\/?author=1"},"uagb_comment_info":0,"uagb_excerpt":"Cuando Jes\u00fas llam\u00f3 a Pedro y a Andr\u00e9s a dejar su oficio de pescadores para seguirle, los llam\u00f3 a una vida completamente nueva. Y cuando Jes\u00fas nos llama a cada [&hellip;]","_links":{"self":[{"href":"https:\/\/ichispana.org\/index.php?rest_route=\/wp\/v2\/pages\/5411"}],"collection":[{"href":"https:\/\/ichispana.org\/index.php?rest_route=\/wp\/v2\/pages"}],"about":[{"href":"https:\/\/ichispana.org\/index.php?rest_route=\/wp\/v2\/types\/page"}],"author":[{"embeddable":true,"href":"https:\/\/ichispana.org\/index.php?rest_route=\/wp\/v2\/users\/1"}],"replies":[{"embeddable":true,"href":"https:\/\/ichispana.org\/index.php?rest_route=%2Fwp%2Fv2%2Fcomments&post=5411"}],"version-history":[{"count":5,"href":"https:\/\/ichispana.org\/index.php?rest_route=\/wp\/v2\/pages\/5411\/revisions"}],"predecessor-version":[{"id":5422,"href":"https:\/\/ichispana.org\/index.php?rest_route=\/wp\/v2\/pages\/5411\/revisions\/5422"}],"wp:attachment":[{"href":"https:\/\/ichispana.org\/index.php?rest_route=%2Fwp%2Fv2%2Fmedia&parent=5411"}],"curies":[{"name":"wp","href":"https:\/\/api.w.org\/{rel}","templated":true}]}}