{"id":5151,"date":"2022-12-21T02:10:24","date_gmt":"2022-12-21T02:10:24","guid":{"rendered":"https:\/\/ichispana.org\/?page_id=5151"},"modified":"2025-01-12T13:55:44","modified_gmt":"2025-01-12T13:55:44","slug":"horarios","status":"publish","type":"page","link":"https:\/\/ichispana.org\/?page_id=5151","title":{"rendered":"Horarios"},"content":{"rendered":"\n<div style=\"height:36px\" aria-hidden=\"true\" class=\"wp-block-spacer\"><\/div>\n\n\n<h5 style=\"text-align: center;\">Servicio Dominical 12:30 pm<br \/>Viernes de Estudio y Oraci\u00f3n 7:30 pm<br \/><br \/><\/h5>\n<h5 style=\"text-align: center;\">Nuestro servicio los domingos comienza con Escuela dominical para ni\u00f1os, adolescentes y adultos a las 12:30 pm<\/h5>\n<h5 style=\"text-align: center;\">Servicio general 1:30 pm<br \/><br \/><\/h5>\n<p><img loading=\"lazy\" decoding=\"async\" class=\"aligncenter wp-image-5317 size-large\" src=\"http:\/\/ichispana.org\/wp-content\/uploads\/2024\/07\/IMG_8551-e1721563567529-1024x570.jpg\" alt=\"\" width=\"1024\" height=\"570\" srcset=\"https:\/\/ichispana.org\/wp-content\/uploads\/2024\/07\/IMG_8551-e1721563567529-1024x570.jpg 1024w, https:\/\/ichispana.org\/wp-content\/uploads\/2024\/07\/IMG_8551-e1721563567529-600x334.jpg 600w, https:\/\/ichispana.org\/wp-content\/uploads\/2024\/07\/IMG_8551-e1721563567529-300x167.jpg 300w, https:\/\/ichispana.org\/wp-content\/uploads\/2024\/07\/IMG_8551-e1721563567529-768x428.jpg 768w, https:\/\/ichispana.org\/wp-content\/uploads\/2024\/07\/IMG_8551-e1721563567529-580x323.jpg 580w, https:\/\/ichispana.org\/wp-content\/uploads\/2024\/07\/IMG_8551-e1721563567529-860x479.jpg 860w, https:\/\/ichispana.org\/wp-content\/uploads\/2024\/07\/IMG_8551-e1721563567529-1160x646.jpg 1160w, https:\/\/ichispana.org\/wp-content\/uploads\/2024\/07\/IMG_8551-e1721563567529.jpg 1280w\" sizes=\"(max-width: 1024px) 100vw, 1024px\" \/><\/p>\n<h5 style=\"text-align: center;\">Los viernes estudiamos un vers\u00edculo en cada reuni\u00f3n y luego tenemos un tiempo de oraci\u00f3n<br \/><br \/><\/h5>\n\n\n<div class=\"wp-block-uagb-image uagb-block-c8e18160 wp-block-uagb-image--layout-default wp-block-uagb-image--effect-static wp-block-uagb-image--align-none\"><figure class=\"wp-block-uagb-image__figure\"><img decoding=\"async\" srcset=\"https:\/\/ichispana.org\/wp-content\/uploads\/2025\/01\/estudio-viernes-1-1024x576.jpg ,https:\/\/ichispana.org\/wp-content\/uploads\/2025\/01\/estudio-viernes-1-scaled.jpg 780w, https:\/\/ichispana.org\/wp-content\/uploads\/2025\/01\/estudio-viernes-1-scaled.jpg 360w\" sizes=\"(max-width: 480px) 150px\" src=\"https:\/\/ichispana.org\/wp-content\/uploads\/2025\/01\/estudio-viernes-1-1024x576.jpg\" alt=\"\" class=\"uag-image-5449\" width=\"2880\" height=\"1620\" title=\"estudio viernes\" loading=\"lazy\" role=\"img\"\/><\/figure><\/div>\n","protected":false},"excerpt":{"rendered":"<p>Servicio Dominical 12:30 pmViernes de Estudio y Oraci\u00f3n 7:30 pm Nuestro servicio los domingos comienza con Escuela dominical para ni\u00f1os, adolescentes y adultos a las 12:30 pm Servicio general 1:30 [&hellip;]<\/p>\n","protected":false},"author":1,"featured_media":0,"parent":0,"menu_order":0,"comment_status":"closed","ping_status":"closed","template":"","meta":{"om_disable_all_campaigns":false,"_uag_custom_page_level_css":"","_mi_skip_tracking":false,"site-sidebar-layout":"default","site-content-layout":"","ast-site-content-layout":"","site-content-style":"default","site-sidebar-style":"default","ast-global-header-display":"","ast-banner-title-visibility":"","ast-main-header-display":"","ast-hfb-above-header-display":"","ast-hfb-below-header-display":"","ast-hfb-mobile-header-display":"","site-post-title":"","ast-breadcrumbs-content":"","ast-featured-img":"","footer-sml-layout":"","theme-transparent-header-meta":"","adv-header-id-meta":"","stick-header-meta":"","header-above-stick-meta":"","header-main-stick-meta":"","header-below-stick-meta":"","astra-migrate-meta-layouts":"default","ast-page-background-enabled":"default","ast-page-background-meta":{"desktop":{"background-color":"var(--ast-global-color-4)","background-image":"","background-repeat":"repeat","background-position":"center center","background-size":"auto","background-attachment":"scroll","background-type":"","background-media":"","overlay-type":"","overlay-color":"","overlay-opacity":"","overlay-gradient":""},"tablet":{"background-color":"","background-image":"","background-repeat":"repeat","background-position":"center center","background-size":"auto","background-attachment":"scroll","background-type":"","background-media":"","overlay-type":"","overlay-color":"","overlay-opacity":"","overlay-gradient":""},"mobile":{"background-color":"","background-image":"","background-repeat":"repeat","background-position":"center center","background-size":"auto","background-attachment":"scroll","background-type":"","background-media":"","overlay-type":"","overlay-color":"","overlay-opacity":"","overlay-gradient":""}},"ast-content-background-meta":{"desktop":{"background-color":"var(--ast-global-color-5)","background-image":"","background-repeat":"repeat","background-position":"center center","background-size":"auto","background-attachment":"scroll","background-type":"","background-media":"","overlay-type":"","overlay-color":"","overlay-opacity":"","overlay-gradient":""},"tablet":{"background-color":"var(--ast-global-color-5)","background-image":"","background-repeat":"repeat","background-position":"center center","background-size":"auto","background-attachment":"scroll","background-type":"","background-media":"","overlay-type":"","overlay-color":"","overlay-opacity":"","overlay-gradient":""},"mobile":{"background-color":"var(--ast-global-color-5)","background-image":"","background-repeat":"repeat","background-position":"center center","background-size":"auto","background-attachment":"scroll","background-type":"","background-media":"","overlay-type":"","overlay-color":"","overlay-opacity":"","overlay-gradient":""}},"footnotes":""},"class_list":["post-5151","page","type-page","status-publish","hentry"],"aioseo_notices":[],"yoast_head":"<!-- This site is optimized with the Yoast SEO plugin v19.10 - https:\/\/yoast.com\/wordpress\/plugins\/seo\/ -->\n<title>Horarios -<\/title>\n<meta name=\"robots\" content=\"index, follow, max-snippet:-1, max-image-preview:large, max-video-preview:-1\" \/>\n<link rel=\"canonical\" href=\"https:\/\/ichispana.org\/?page_id=5151\" \/>\n<meta property=\"og:locale\" content=\"en_US\" \/>\n<meta property=\"og:type\" content=\"article\" \/>\n<meta property=\"og:title\" content=\"Horarios -\" \/>\n<meta property=\"og:description\" content=\"Servicio Dominical 12:30 pmViernes de Estudio y Oraci\u00f3n 7:30 pm Nuestro servicio los domingos comienza con Escuela dominical para ni\u00f1os, adolescentes y adultos a las 12:30 pm Servicio general 1:30 [&hellip;]\" \/>\n<meta property=\"og:url\" content=\"https:\/\/ichispana.org\/?page_id=5151\" \/>\n<meta property=\"article:modified_time\" content=\"2025-01-12T13:55:44+00:00\" \/>\n<meta property=\"og:image\" content=\"http:\/\/ichispana.org\/wp-content\/uploads\/2024\/07\/IMG_8551-e1721563567529-1024x570.jpg\" \/>\n<meta name=\"twitter:card\" content=\"summary_large_image\" \/>\n<meta name=\"twitter:label1\" content=\"Est. reading time\" \/>\n\t<meta name=\"twitter:data1\" content=\"1 minute\" \/>\n<script type=\"application\/ld+json\" class=\"yoast-schema-graph\">{\"@context\":\"https:\/\/schema.org\",\"@graph\":[{\"@type\":\"WebPage\",\"@id\":\"https:\/\/ichispana.org\/?page_id=5151\",\"url\":\"https:\/\/ichispana.org\/?page_id=5151\",\"name\":\"Horarios -\",\"isPartOf\":{\"@id\":\"https:\/\/ichispana.org\/#website\"},\"datePublished\":\"2022-12-21T02:10:24+00:00\",\"dateModified\":\"2025-01-12T13:55:44+00:00\",\"breadcrumb\":{\"@id\":\"https:\/\/ichispana.org\/?page_id=5151#breadcrumb\"},\"inLanguage\":\"en-US\",\"potentialAction\":[{\"@type\":\"ReadAction\",\"target\":[\"https:\/\/ichispana.org\/?page_id=5151\"]}]},{\"@type\":\"BreadcrumbList\",\"@id\":\"https:\/\/ichispana.org\/?page_id=5151#breadcrumb\",\"itemListElement\":[{\"@type\":\"ListItem\",\"position\":1,\"name\":\"Home\",\"item\":\"https:\/\/ichispana.org\/\"},{\"@type\":\"ListItem\",\"position\":2,\"name\":\"Horarios\"}]},{\"@type\":\"WebSite\",\"@id\":\"https:\/\/ichispana.org\/#website\",\"url\":\"https:\/\/ichispana.org\/\",\"name\":\"\",\"description\":\"Iglesia Cristiana Hispana\",\"potentialAction\":[{\"@type\":\"SearchAction\",\"target\":{\"@type\":\"EntryPoint\",\"urlTemplate\":\"https:\/\/ichispana.org\/?s={search_term_string}\"},\"query-input\":\"required name=search_term_string\"}],\"inLanguage\":\"en-US\"}]}<\/script>\n<!-- \/ Yoast SEO plugin. -->","yoast_head_json":{"title":"Horarios -","robots":{"index":"index","follow":"follow","max-snippet":"max-snippet:-1","max-image-preview":"max-image-preview:large","max-video-preview":"max-video-preview:-1"},"canonical":"https:\/\/ichispana.org\/?page_id=5151","og_locale":"en_US","og_type":"article","og_title":"Horarios -","og_description":"Servicio Dominical 12:30 pmViernes de Estudio y Oraci\u00f3n 7:30 pm Nuestro servicio los domingos comienza con Escuela dominical para ni\u00f1os, adolescentes y adultos a las 12:30 pm Servicio general 1:30 [&hellip;]","og_url":"https:\/\/ichispana.org\/?page_id=5151","article_modified_time":"2025-01-12T13:55:44+00:00","og_image":[{"url":"http:\/\/ichispana.org\/wp-content\/uploads\/2024\/07\/IMG_8551-e1721563567529-1024x570.jpg"}],"twitter_card":"summary_large_image","twitter_misc":{"Est. reading time":"1 minute"},"schema":{"@context":"https:\/\/schema.org","@graph":[{"@type":"WebPage","@id":"https:\/\/ichispana.org\/?page_id=5151","url":"https:\/\/ichispana.org\/?page_id=5151","name":"Horarios -","isPartOf":{"@id":"https:\/\/ichispana.org\/#website"},"datePublished":"2022-12-21T02:10:24+00:00","dateModified":"2025-01-12T13:55:44+00:00","breadcrumb":{"@id":"https:\/\/ichispana.org\/?page_id=5151#breadcrumb"},"inLanguage":"en-US","potentialAction":[{"@type":"ReadAction","target":["https:\/\/ichispana.org\/?page_id=5151"]}]},{"@type":"BreadcrumbList","@id":"https:\/\/ichispana.org\/?page_id=5151#breadcrumb","itemListElement":[{"@type":"ListItem","position":1,"name":"Home","item":"https:\/\/ichispana.org\/"},{"@type":"ListItem","position":2,"name":"Horarios"}]},{"@type":"WebSite","@id":"https:\/\/ichispana.org\/#website","url":"https:\/\/ichispana.org\/","name":"","description":"Iglesia Cristiana Hispana","potentialAction":[{"@type":"SearchAction","target":{"@type":"EntryPoint","urlTemplate":"https:\/\/ichispana.org\/?s={search_term_string}"},"query-input":"required name=search_term_string"}],"inLanguage":"en-US"}]}},"uagb_featured_image_src":{"full":false,"thumbnail":false,"medium":false,"medium_large":false,"large":false,"1536x1536":false,"2048x2048":false,"mailpoet_newsletter_max":false,"woocommerce_thumbnail":false,"woocommerce_single":false,"woocommerce_gallery_thumbnail":false},"uagb_author_info":{"display_name":"Iglesia Cristiana Hispana","author_link":"https:\/\/ichispana.org\/?author=1"},"uagb_comment_info":0,"uagb_excerpt":"Servicio Dominical 12:30 pmViernes de Estudio y Oraci\u00f3n 7:30 pm Nuestro servicio los domingos comienza con Escuela dominical para ni\u00f1os, adolescentes y adultos a las 12:30 pm Servicio general 1:30 [&hellip;]","_links":{"self":[{"href":"https:\/\/ichispana.org\/index.php?rest_route=\/wp\/v2\/pages\/5151"}],"collection":[{"href":"https:\/\/ichispana.org\/index.php?rest_route=\/wp\/v2\/pages"}],"about":[{"href":"https:\/\/ichispana.org\/index.php?rest_route=\/wp\/v2\/types\/page"}],"author":[{"embeddable":true,"href":"https:\/\/ichispana.org\/index.php?rest_route=\/wp\/v2\/users\/1"}],"replies":[{"embeddable":true,"href":"https:\/\/ichispana.org\/index.php?rest_route=%2Fwp%2Fv2%2Fcomments&post=5151"}],"version-history":[{"count":11,"href":"https:\/\/ichispana.org\/index.php?rest_route=\/wp\/v2\/pages\/5151\/revisions"}],"predecessor-version":[{"id":5451,"href":"https:\/\/ichispana.org\/index.php?rest_route=\/wp\/v2\/pages\/5151\/revisions\/5451"}],"wp:attachment":[{"href":"https:\/\/ichispana.org\/index.php?rest_route=%2Fwp%2Fv2%2Fmedia&parent=5151"}],"curies":[{"name":"wp","href":"https:\/\/api.w.org\/{rel}","templated":true}]}}